{"id":527,"date":"2020-11-16T00:53:38","date_gmt":"2020-11-15T22:53:38","guid":{"rendered":"http:\/\/localhost:8081\/current\/"},"modified":"2022-09-22T14:17:07","modified_gmt":"2022-09-22T11:17:07","slug":"current","status":"publish","type":"page","link":"https:\/\/www.swallow.lt\/en\/","title":{"rendered":"Current"},"content":{"rendered":"<p>[et_pb_section fb_built=&#8221;1&#8243; _builder_version=&#8221;4.16&#8243; custom_margin=&#8221;0px||||false|false&#8221; custom_padding=&#8221;0px||||false|false&#8221; da_disable_devices=&#8221;off|off|off&#8221; global_colors_info=&#8221;{}&#8221; da_is_popup=&#8221;off&#8221; da_exit_intent=&#8221;off&#8221; da_has_close=&#8221;on&#8221; da_alt_close=&#8221;off&#8221; da_dark_close=&#8221;off&#8221; da_not_modal=&#8221;on&#8221; da_is_singular=&#8221;off&#8221; da_with_loader=&#8221;off&#8221; da_has_shadow=&#8221;on&#8221;][et_pb_row column_structure=&#8221;1_3,1_3,1_3&#8243; module_class=&#8221;divi-swallow-columns&#8221; _builder_version=&#8221;4.16&#8243; width=&#8221;100%&#8221; max_width=&#8221;2560px&#8221; custom_margin=&#8221;|auto||auto|false|false&#8221; custom_padding=&#8221;||||false|false&#8221; global_colors_info=&#8221;{}&#8221;][et_pb_column type=&#8221;1_3&#8243; _builder_version=&#8221;4.16&#8243; global_colors_info=&#8221;{}&#8221;][et_pb_image src=&#8221;http:\/\/localhost:8081\/wp-content\/uploads\/2020\/07\/swallow_logo-1.png&#8221; title_text=&#8221;swallow_logo&#8221; url=&#8221;\/&#8221; module_id=&#8221;s-logo&#8221; _builder_version=&#8221;4.16&#8243; locked=&#8221;off&#8221; global_colors_info=&#8221;{}&#8221;][\/et_pb_image][et_pb_menu module_id=&#8221;col1-mainmenu&#8221; _builder_version=&#8221;4.16&#8243; locked=&#8221;off&#8221; global_colors_info=&#8221;{}&#8221;][\/et_pb_menu][\/et_pb_column][et_pb_column type=&#8221;1_3&#8243; _builder_version=&#8221;4.16&#8243; global_colors_info=&#8221;{}&#8221;][et_pb_text _builder_version=&#8221;4.17.6&#8243; _module_preset=&#8221;default&#8221; global_colors_info=&#8221;{}&#8221;]<\/p>\n<p>THE WEATHER IN FRED SANDBACK<br \/><span style=\"font-weight: 400;\">Eric D. Clark, Mich\u00e8le Graf &amp; Selina Gr\u00fcter, Laura Kaminskait\u0117, Sebastian Luetgert, Robertas Narkus, Eleni Poulou &amp; Hilary Jeffery, Ulla Rossek, Julia Scher, Valerie Stahl von Stromberg, Hannah Weinberger, Martin Ebner, and Ariane M\u00fcller<\/span><br \/>Curators<span style=\"font-weight: 400;\">\u00a0Martin Ebner, Audrius Pocius and Ariane <\/span><span style=\"font-weight: 400;\">M\u00fcller<\/span><br \/><span>2022 09 17 \u2013 10 22<\/span><br \/><span>Opening 16 Sept, 6pm<\/span><\/p>\n<p>[\/et_pb_text][et_pb_image src=&#8221;https:\/\/www.swallow.lt\/wp-content\/uploads\/2022\/09\/twifsgif.gif&#8221; title_text=&#8221;twifsgif&#8221; _builder_version=&#8221;4.18.0&#8243; _module_preset=&#8221;default&#8221; global_colors_info=&#8221;{}&#8221;][\/et_pb_image][et_pb_text _builder_version=&#8221;4.18.0&#8243; _module_preset=&#8221;default&#8221; global_colors_info=&#8221;{}&#8221;]<\/p>\n<p><i><span style=\"font-weight: 400;\">The beings in the universe are filled, in turn, like human barometers, with the stuff of the universe. This is as true for art as it is for the irreducibly complex systems and substances that constitute the weather.<\/span><\/i><\/p>\n<p style=\"text-align: right;\"><span style=\"font-weight: 400;\">Eve Kosofsky Sedgwick: <\/span><i><span style=\"font-weight: 400;\">The Weather in Proust<\/span><\/i><\/p>\n<p><span style=\"font-weight: 400;\"><\/span><\/p>\n<p><span style=\"font-weight: 400;\">Swallow is delighted to invite you to &#8220;<\/span><i><span style=\"font-weight: 400;\">The Weather in Fred Sandback&#8221;<\/span><\/i><span style=\"font-weight: 400;\">, an exhibition imagined by Martin Ebner, Audrius Pocius and Ariane <\/span><span style=\"font-weight: 400;\">M\u00fcller and <\/span><span style=\"font-weight: 400;\">featuring works, music, and gestures by <\/span><span style=\"font-weight: 400;\">Eric D. Clark, Mich\u00e8le Graf &amp; Selina Gr\u00fcter, Laura Kaminskait\u0117, Sebastian Luetgert, Robertas Narkus, Eleni Poulou &amp; Hilary Jeffery, Ulla Rossek, Julia Scher, Valerie Stahl von Stromberg, Hannah Weinberger, Martin Ebner, and Ariane M\u00fcller.\u00a0\u00a0<\/span><\/p>\n<p><i><span style=\"font-weight: 400;\">&#8220;The Weather in Fred Sandback&#8221; <\/span><\/i><span style=\"font-weight: 400;\">is an exhibition conceived in the space between Berlin and Vilnius, and then in Venice and Kassel when we were able to meet again, in the bliss of restarting to talk and to plan. It is until now an unreal exhibition, with us trying to reassemble a world out of scattered parts, objects promised but lost\u2014artworks in which we have encountered something real. <\/span><i><span style=\"font-weight: 400;\">The Weather in Fred Sandback<\/span><\/i><span style=\"font-weight: 400;\"> strives to reconstruct the world out of sounds, gestures, customs, depictions and documents that we still have from it.\u00a0<\/span><\/p>\n<p><span style=\"font-weight: 400;\">During the opening night, the visitors will be greeted with a reading performance by the iconic Eric D. Clark, the <\/span><span style=\"font-weight: 400;\">artist behind Whirlpool Productions\u2019 &#8220;<\/span><i><span style=\"font-weight: 400;\">From Disco to Disco&#8221;<\/span><\/i><span style=\"font-weight: 400;\"> as well as a performance entitled &#8220;<\/span><i><span style=\"font-weight: 400;\">Pedestrian&#8221;<\/span><\/i><span style=\"font-weight: 400;\"> by <\/span><span style=\"font-weight: 400;\">Mich\u00e8le Graf &amp; Selina Gr\u00fcter, embodied by Saul\u0117 Noreikait\u0117 and Hanna Ij\u00e4s. Afterwards, we will be heading downstairs to Bar 2123 for a concert of &#8220;Organza Ray&#8221; a duo formed by Eleni Poulou, <\/span><span style=\"font-weight: 400;\">founder of &#8220;Noshe Noshe&#8221;<\/span><span style=\"font-weight: 400;\"> and <\/span><span style=\"font-weight: 400;\">former keyboard player of the British band &#8220;The Fall&#8221;,<\/span><span style=\"font-weight: 400;\"> and Hillary Jefferey, the trombone player of the celebrated contemporary music ensemble &#8220;zeitkratzer&#8221;. During the concert, the sounds of trumpet, trombone and bass will blend in with beats of electronic music. Finally, we will be closing the night dancing to the music selection by the legendary DJ Eric D. Clark.<\/span><\/p>\n<p>&nbsp;<\/p>\n<p><span style=\"font-weight: 400;\">Evening programme:<\/span><\/p>\n<p><span style=\"font-weight: 400;\">18:00 opening of the exhibition<\/span><\/p>\n<p><span style=\"font-weight: 400;\">19:00-20:00 Eric D. Clark, reading performance at Swallow;<\/span><\/p>\n<p><span style=\"font-weight: 400;\">20:00-21:00 Mich\u00e8le Graf &amp; Selina Gr\u00fcter, &#8220;The Pedestrian&#8221; at Swallow, performed by Hanna Ijas and Saul\u0117 Noreikait\u0117;<\/span><\/p>\n<p><span style=\"font-weight: 400;\">21:00 concert of &#8220;Organza Ray&#8221; (Eleni Poulou &amp; Hilary Jeffery) at Bar 2123;<\/span><\/p>\n<p><span style=\"font-weight: 400;\">22:00 Eric D. Clark, DJ set at Bar 2123.<\/span><\/p>\n<p><span style=\"font-weight: 400;\">Image: Sebastian Luetgert: UNPROMPTED #106, excerpt<\/span><\/p>\n<p>&nbsp;<\/p>\n<p><span style=\"font-weight: 400;\">Financed by the Lithuanian Council for Culture<\/span><\/p>\n<p>&nbsp;<\/p>\n<p>[\/et_pb_text][et_pb_text _builder_version=&#8221;4.17.6&#8243; _module_preset=&#8221;default&#8221; global_colors_info=&#8221;{}&#8221;][\/et_pb_text][\/et_pb_column][et_pb_column type=&#8221;1_3&#8243; _builder_version=&#8221;4.16&#8243; global_colors_info=&#8221;{}&#8221;][et_pb_text disabled_on=&#8221;on|on|off&#8221; module_class=&#8221;third_col_module&#8221; _builder_version=&#8221;4.18.0&#8243; custom_margin=&#8221;|-1px||||&#8221; hover_enabled=&#8221;0&#8243; saved_tabs=&#8221;all&#8221; global_colors_info=&#8221;{}&#8221; sticky_enabled=&#8221;0&#8243;]<\/p>\n<div class=\"language_selector_links\">\n<div class=\"wpml-ls-statics-shortcode_actions wpml-ls wpml-ls-legacy-list-horizontal\">\n\t<ul><li class=\"wpml-ls-slot-shortcode_actions wpml-ls-item wpml-ls-item-lt wpml-ls-first-item wpml-ls-item-legacy-list-horizontal\">\n\t\t\t\t<a href=\"https:\/\/www.swallow.lt\" class=\"wpml-ls-link\">\n                    <span class=\"wpml-ls-native\" lang=\"lt\">LT<\/span><\/a>\n\t\t\t<\/li><li class=\"wpml-ls-slot-shortcode_actions wpml-ls-item wpml-ls-item-en wpml-ls-current-language wpml-ls-last-item wpml-ls-item-legacy-list-horizontal\">\n\t\t\t\t<a href=\"https:\/\/www.swallow.lt\/en\/\" class=\"wpml-ls-link\">\n                    <span class=\"wpml-ls-native\">EN<\/span><\/a>\n\t\t\t<\/li><\/ul>\n<\/div>\n<\/div>\n<div class=\"swallow_newsletter\">\n<p>Newsletter:<\/p>\n<script>(function() {\n\twindow.mc4wp = window.mc4wp || {\n\t\tlisteners: [],\n\t\tforms: {\n\t\t\ton: function(evt, cb) {\n\t\t\t\twindow.mc4wp.listeners.push(\n\t\t\t\t\t{\n\t\t\t\t\t\tevent   : evt,\n\t\t\t\t\t\tcallback: cb\n\t\t\t\t\t}\n\t\t\t\t);\n\t\t\t}\n\t\t}\n\t}\n})();\n<\/script><!-- Mailchimp for WordPress v4.8.7 - https:\/\/wordpress.org\/plugins\/mailchimp-for-wp\/ --><form id=\"mc4wp-form-1\" class=\"mc4wp-form mc4wp-form-149\" method=\"post\" data-id=\"149\" data-name=\"Prenumeruok LT\" ><div class=\"mc4wp-form-fields\"><p>Newsletter:<\/p>\r\n\r\n<p>\r\n  <input type=\"email\" name=\"EMAIL\" placeholder=\"E-mail\" required \/>\r\n<\/p>\r\n\r\n<p>\r\n    <button type=\"submit\">Subscribe<\/button>\r\n<\/p>\r\n\r\n<div style=\"display:none\">\r\n  <!-- hidden placeholder translated text -->\r\n  <span id=\"newsletter_placeholder_translation\">E-mail<\/span>\r\n<\/div><\/div><label style=\"display: none !important;\">Leave this field empty if you're human: <input type=\"text\" name=\"_mc4wp_honeypot\" value=\"\" tabindex=\"-1\" autocomplete=\"off\" \/><\/label><input type=\"hidden\" name=\"_mc4wp_timestamp\" value=\"1669382827\" \/><input type=\"hidden\" name=\"_mc4wp_form_id\" value=\"149\" \/><input type=\"hidden\" name=\"_mc4wp_form_element_id\" value=\"mc4wp-form-1\" \/><div class=\"mc4wp-response\"><\/div><\/form><!-- \/ Mailchimp for WordPress Plugin -->\n<\/div>\n<div class=\"social_links_menu\"><div class=\"menu-social-links-en-container\"><ul id=\"menu-social-links-en\" class=\"menu\"><li id=\"menu-item-998\" class=\"menu-item menu-item-type-post_type menu-item-object-page menu-item-998\"><a href=\"https:\/\/www.swallow.lt\/en\/newsletter\/\">Newsletter<\/a><\/li>\n<li id=\"menu-item-386\" class=\"menu-item menu-item-type-custom menu-item-object-custom menu-item-386\"><a target=\"_blank\" rel=\"noopener\" href=\"https:\/\/www.youtube.com\/channel\/UCjbLVh67AUAvNey4EqziEhg\">Video<\/a><\/li>\n<li id=\"menu-item-387\" class=\"menu-item menu-item-type-custom menu-item-object-custom menu-item-387\"><a target=\"_blank\" rel=\"noopener\" href=\"https:\/\/www.instagram.com\/swallow.gif\">Instagram<\/a><\/li>\n<li id=\"menu-item-388\" class=\"menu-item menu-item-type-custom menu-item-object-custom menu-item-388\"><a target=\"_blank\" rel=\"noopener\" href=\"https:\/\/www.facebook.com\/swallow.space\/\">Facebook<\/a><\/li>\n<\/ul><\/div><\/div>\n<p>&nbsp;<\/p>\n<p><span><span>Vitebsko g. 23,<br \/>11350 Vilnius<\/span><\/span><\/p>\n<p>IV-V, 16-19 val.<br \/>VI, 13-16 val.<\/p>\n<p>+370 6 75 89313<br \/>edgaras@swallow.lt<\/p>\n<p>[\/et_pb_text][et_pb_text disabled_on=&#8221;on|on|on&#8221; _builder_version=&#8221;4.17.4&#8243; link_option_url=&#8221;https:\/\/www.youtube.com\/channel\/UCjbLVh67AUAvNey4EqziEhg&#8221; disabled=&#8221;on&#8221; locked=&#8221;off&#8221; global_colors_info=&#8221;{}&#8221;]<\/p>\n<p class=\"p1\">Pristatome nauj\u0105 Swallow Youtube kanal\u0105, kuriame skelbsime speciali\u0105 video med\u017eiag\u0105, skirt\u0105 i\u0161samiau susipa\u017einti su Swallow \u012fvykiais m\u016bs\u0173 erdv\u0117je ir svetur.<\/p>\n<p class=\"p1\">Galite per\u017evelgti pirmiuosius video ir prenumeruoti m\u016bs\u0173 kanal\u0105 \u010dia:<\/p>\n<p class=\"p1\" style=\"font-variant-numeric: normal; font-variant-east-asian: normal; font-stretch: normal; font-size: 17px; line-height: normal; font-family: 'Times New Roman'; color: #0b4cb4; background-color: #ffffff;\"><span class=\"s1\" style=\"text-decoration-line: underline;\"><a href=\"https:\/\/www.youtube.com\/channel\/UCjbLVh67AUAvNey4EqziEhg\">https:\/\/www.youtube.com\/channel\/UCjbLVh67AUAvNey4EqziEhg<\/a><\/span><\/p>\n<p class=\"p1\">[\/et_pb_text][\/et_pb_column][\/et_pb_row][\/et_pb_section][et_pb_section fb_built=&#8221;1&#8243; _builder_version=&#8221;4.16&#8243; da_disable_devices=&#8221;off|off|off&#8221; global_colors_info=&#8221;{}&#8221; da_is_popup=&#8221;off&#8221; da_exit_intent=&#8221;off&#8221; da_has_close=&#8221;on&#8221; da_alt_close=&#8221;off&#8221; da_dark_close=&#8221;off&#8221; da_not_modal=&#8221;on&#8221; da_is_singular=&#8221;off&#8221; da_with_loader=&#8221;off&#8221; da_has_shadow=&#8221;on&#8221;][et_pb_row _builder_version=&#8221;4.16&#8243; global_colors_info=&#8221;{}&#8221;][et_pb_column type=&#8221;4_4&#8243; _builder_version=&#8221;4.16&#8243; global_colors_info=&#8221;{}&#8221;][\/et_pb_column][\/et_pb_row][\/et_pb_section]<\/p>\n","protected":false},"excerpt":{"rendered":"<p>THE WEATHER IN FRED SANDBACKEric D. Clark, Mich\u00e8le Graf &amp; Selina Gr\u00fcter, Laura Kaminskait\u0117, Sebastian Luetgert, Robertas Narkus, Eleni Poulou &amp; Hilary Jeffery, Ulla Rossek, Julia Scher, Valerie Stahl von Stromberg, Hannah Weinberger, Martin Ebner, and Ariane M\u00fcllerCurators\u00a0Martin Ebner, Audrius Pocius and Ariane M\u00fcller2022 09 17 \u2013 10 22Opening 16 Sept, 6pmThe beings in the [&hellip;]<\/p>\n","protected":false},"author":1,"featured_media":0,"parent":0,"menu_order":0,"comment_status":"closed","ping_status":"closed","template":"","meta":{"_et_pb_use_builder":"on","_et_pb_old_content":"","_et_gb_content_width":""},"_links":{"self":[{"href":"https:\/\/www.swallow.lt\/en\/wp-json\/wp\/v2\/pages\/527"}],"collection":[{"href":"https:\/\/www.swallow.lt\/en\/wp-json\/wp\/v2\/pages"}],"about":[{"href":"https:\/\/www.swallow.lt\/en\/wp-json\/wp\/v2\/types\/page"}],"author":[{"embeddable":true,"href":"https:\/\/www.swallow.lt\/en\/wp-json\/wp\/v2\/users\/1"}],"replies":[{"embeddable":true,"href":"https:\/\/www.swallow.lt\/en\/wp-json\/wp\/v2\/comments?post=527"}],"version-history":[{"count":66,"href":"https:\/\/www.swallow.lt\/en\/wp-json\/wp\/v2\/pages\/527\/revisions"}],"predecessor-version":[{"id":3536,"href":"https:\/\/www.swallow.lt\/en\/wp-json\/wp\/v2\/pages\/527\/revisions\/3536"}],"wp:attachment":[{"href":"https:\/\/www.swallow.lt\/en\/wp-json\/wp\/v2\/media?parent=527"}],"curies":[{"name":"wp","href":"https:\/\/api.w.org\/{rel}","templated":true}]}}